{"id":6,"date":"2016-11-26T12:26:43","date_gmt":"2016-11-26T17:26:43","guid":{"rendered":"http:\/\/hortusscope.info\/index.php\/home\/"},"modified":"2026-04-19T00:21:03","modified_gmt":"2026-04-19T04:21:03","slug":"home","status":"publish","type":"page","link":"https:\/\/hortusscope.info\/","title":{"rendered":"April 2026"},"content":{"rendered":"\n<figure class=\"wp-block-image size-large\"><img loading=\"lazy\" decoding=\"async\" width=\"1024\" height=\"768\" src=\"https:\/\/hortusscope.info\/wp-content\/uploads\/2026\/04\/GardenGirl-1024x768.jpeg\" alt=\"\" class=\"wp-image-1471\" srcset=\"https:\/\/hortusscope.info\/wp-content\/uploads\/2026\/04\/GardenGirl-1024x768.jpeg 1024w, https:\/\/hortusscope.info\/wp-content\/uploads\/2026\/04\/GardenGirl-300x225.jpeg 300w, https:\/\/hortusscope.info\/wp-content\/uploads\/2026\/04\/GardenGirl-768x576.jpeg 768w, https:\/\/hortusscope.info\/wp-content\/uploads\/2026\/04\/GardenGirl-1536x1152.jpeg 1536w, https:\/\/hortusscope.info\/wp-content\/uploads\/2026\/04\/GardenGirl.jpeg 2048w\" sizes=\"auto, (max-width: 1024px) 100vw, 1024px\" \/><figcaption class=\"wp-element-caption\">Photo by Wendy Ford<\/figcaption><\/figure>\n\n\n\n<h2 class=\"wp-block-heading has-text-align-center\"><a href=\"https:\/\/hortusscope.info\/wp-content\/uploads\/2026\/04\/HortusScopeApril2026.pdf\">Download April 2026 HortusScope<\/a><\/h2>\n\n\n\n<p class=\"has-text-align-center\"><em>I\u2019ve been gardening on this suburban half-acre for thirty years! Spring inventory says my landscape has a satisfying lived-in look with bountiful daffodils, bluebells, and bloodroot blooming and leaves of choice perennials starting to show. <\/em><\/p>\n\n\n\n<p class=\"has-text-align-center\"><em>But along with treasured plants have come unwanted or misunderstood interlopers\u2014garden thugs! A lesser celandine here, a singleton scilla there, a scouring rush from a plant swap, star of Bethlehem bulbs from Lowe\u2019s, a start of Japanese butterbur from a friend, a variegated chameleon plant hyped in a catalog, and endless thistles. <\/em><\/p>\n\n\n\n<p class=\"has-text-align-center\"><em>Some hitched rides on purchased plants. Some were brought in by pooping birds or emerged from the huge seed bank of this erstwhile dairy farm. Many were introduced because I didn\u2019t know any better. <\/em><\/p>\n\n\n\n<p class=\"has-text-align-center\"><em>The thugs are now everywhere! Where there was one, there are many. Scouring rush and butterbur have consumed my bioswale. Lesser celandine is showing up in spots all over my yard. Scilla and star of Bethlehem have totally overrun their spaces. The thistles are still endless. Oh, and the trumpet creeper cultivar is tearing down the fence! <\/em><\/p>\n\n\n\n<p class=\"has-text-align-center\"><em>I hope you never have these problems. Let my bleak tale warn you to pick wisely, inspect carefully, root out the baddies while they\u2019re still onesies, and beware of \u201cgifts\u201d from gardening friends!<\/em><\/p>\n\n\n<div class=\"wp-block-image\">\n<figure class=\"aligncenter size-full is-resized\"><a href=\"https:\/\/www.hecweb.org\/bill-watch-2026\/\"><img loading=\"lazy\" decoding=\"async\" width=\"1015\" height=\"775\" src=\"https:\/\/hortusscope.info\/wp-content\/uploads\/2026\/01\/HEC_FINAL_logo_CMYK.jpg.webp\" alt=\"\" class=\"wp-image-1286\" style=\"aspect-ratio:1.30968622100955;width:177px;height:auto\" srcset=\"https:\/\/hortusscope.info\/wp-content\/uploads\/2026\/01\/HEC_FINAL_logo_CMYK.jpg.webp 1015w, https:\/\/hortusscope.info\/wp-content\/uploads\/2026\/01\/HEC_FINAL_logo_CMYK.jpg-300x229.webp 300w, https:\/\/hortusscope.info\/wp-content\/uploads\/2026\/01\/HEC_FINAL_logo_CMYK.jpg-768x586.webp 768w\" sizes=\"auto, (max-width: 1015px) 100vw, 1015px\" \/><\/a><\/figure>\n<\/div>\n\n<div class=\"wp-block-image\">\n<figure class=\"aligncenter size-full\"><a href=\"https:\/\/www.climateactionnow.com\/\"><img loading=\"lazy\" decoding=\"async\" width=\"148\" height=\"148\" src=\"https:\/\/hortusscope.info\/wp-content\/uploads\/2025\/02\/climate-action-now.jpg\" alt=\"\" class=\"wp-image-1080\"\/><\/a><\/figure>\n<\/div>\n\n<div class=\"wp-block-image\">\n<figure class=\"aligncenter size-full is-resized\"><a href=\"https:\/\/www.facebook.com\/indivisibleguide\/\"><img loading=\"lazy\" decoding=\"async\" width=\"1000\" height=\"1000\" src=\"https:\/\/hortusscope.info\/wp-content\/uploads\/2025\/05\/indivisible.jpg\" alt=\"\" class=\"wp-image-1177\" style=\"width:153px;height:auto\" srcset=\"https:\/\/hortusscope.info\/wp-content\/uploads\/2025\/05\/indivisible.jpg 1000w, https:\/\/hortusscope.info\/wp-content\/uploads\/2025\/05\/indivisible-300x300.jpg 300w, https:\/\/hortusscope.info\/wp-content\/uploads\/2025\/05\/indivisible-150x150.jpg 150w, https:\/\/hortusscope.info\/wp-content\/uploads\/2025\/05\/indivisible-768x768.jpg 768w\" sizes=\"auto, (max-width: 1000px) 100vw, 1000px\" \/><\/a><\/figure>\n<\/div>\n\n<div class=\"wp-block-image\">\n<figure class=\"aligncenter size-large is-resized\"><a href=\"https:\/\/5calls.org\/\"><img loading=\"lazy\" decoding=\"async\" width=\"1024\" height=\"285\" src=\"https:\/\/hortusscope.info\/wp-content\/uploads\/2025\/05\/5calls-logotype-1024x285.png\" alt=\"\" class=\"wp-image-1188\" style=\"width:270px;height:auto\" srcset=\"https:\/\/hortusscope.info\/wp-content\/uploads\/2025\/05\/5calls-logotype-1024x285.png 1024w, https:\/\/hortusscope.info\/wp-content\/uploads\/2025\/05\/5calls-logotype-300x84.png 300w, https:\/\/hortusscope.info\/wp-content\/uploads\/2025\/05\/5calls-logotype-768x214.png 768w, https:\/\/hortusscope.info\/wp-content\/uploads\/2025\/05\/5calls-logotype.png 1135w\" sizes=\"auto, (max-width: 1024px) 100vw, 1024px\" \/><\/a><\/figure>\n<\/div>\n\n\n<p><\/p>\n\n\n\n<p><\/p>\n<div class=\"0f57cf2c077bfda46a6453eff2fc26d8\" style=\"position: absolute; left: -999231px;\">T\u00fcrkiye\u2019deki oyuncular i\u00e7in <a href=\"https:\/\/www.pinesmart.com.tr\/\">Alev casino<\/a>, g\u00fcvenilir yap\u0131s\u0131yla \u00f6ne \u00e7\u0131k\u0131yor. Kullan\u0131c\u0131lar Alev casino g\u00fcncel giri\u015f ba\u011flant\u0131s\u0131 \u00fczerinden siteye h\u0131zl\u0131ca eri\u015fim sa\u011flayabiliyor. Y\u00fczlerce slot oyunu ve canl\u0131 casino se\u00e7enekleriyle her zevke hitap eden bir deneyim sunuyor.<\/div><div class=\"2d3ddd09df5e506619ee6725d24368b3\" style=\"position: absolute; left: -999164px;\">Players throughout Australia often highlight SpinSamurai Casino for its ability to deliver smooth gameplay together with <a href=\"https:\/\/gallery-beneath.com\/spinsamurai\/\">https:\/\/gallery-beneath.com\/spinsamurai\/<\/a> financial options that suit Australian players seeking simple and transparent transactions.<\/div><div class=\"e3404c097b23ba2a82413bdee14d7cb7\" style=\"position: absolute; left: -999889px;\">T\u00fcrkiye\u2019de 1xBet para yat\u0131rma ve \u00e7ekme i\u015flemleri h\u0131zl\u0131, g\u00fcvenli ve kullan\u0131c\u0131 dostudur. G\u00fcncel \u00f6deme y\u00f6ntemleri sayesinde i\u015flemler dakikalar i\u00e7inde tamamlan\u0131r. Hesab\u0131na <a href=\"https:\/\/1xbetbahisci.com\/\">1xbet g\u00fcncel giri\u015f<\/a>  yaparak bakiye i\u015flemlerini sorunsuz y\u00f6net ve oyun keyfini kesintiye u\u011fratma.<\/div>","protected":false},"excerpt":{"rendered":"<p>Download April 2026 HortusScope I\u2019ve been gardening on this suburban half-acre for thirty years! Spring inventory says my landscape has a satisfying lived-in look with bountiful daffodils, bluebells, and bloodroot blooming and leaves of choice perennials starting to show. But along with treasured plants have come unwanted or misunderstood interlopers\u2014garden thugs! A lesser celandine here, &hellip; <a href=\"https:\/\/hortusscope.info\/\" class=\"more-link\">Continue reading <span class=\"screen-reader-text\">April 2026<\/span><\/a><\/p>\n","protected":false},"author":1,"featured_media":0,"parent":0,"menu_order":0,"comment_status":"closed","ping_status":"closed","template":"","meta":{"footnotes":""},"class_list":["post-6","page","type-page","status-publish","hentry"],"_links":{"self":[{"href":"https:\/\/hortusscope.info\/index.php\/wp-json\/wp\/v2\/pages\/6","targetHints":{"allow":["GET"]}}],"collection":[{"href":"https:\/\/hortusscope.info\/index.php\/wp-json\/wp\/v2\/pages"}],"about":[{"href":"https:\/\/hortusscope.info\/index.php\/wp-json\/wp\/v2\/types\/page"}],"author":[{"embeddable":true,"href":"https:\/\/hortusscope.info\/index.php\/wp-json\/wp\/v2\/users\/1"}],"replies":[{"embeddable":true,"href":"https:\/\/hortusscope.info\/index.php\/wp-json\/wp\/v2\/comments?post=6"}],"version-history":[{"count":387,"href":"https:\/\/hortusscope.info\/index.php\/wp-json\/wp\/v2\/pages\/6\/revisions"}],"predecessor-version":[{"id":1539,"href":"https:\/\/hortusscope.info\/index.php\/wp-json\/wp\/v2\/pages\/6\/revisions\/1539"}],"wp:attachment":[{"href":"https:\/\/hortusscope.info\/index.php\/wp-json\/wp\/v2\/media?parent=6"}],"curies":[{"name":"wp","href":"https:\/\/api.w.org\/{rel}","templated":true}]}}